{"id":101,"date":"2022-03-27T16:48:50","date_gmt":"2022-03-27T16:48:50","guid":{"rendered":"https:\/\/symphoniedesetoiles.wordpress.com\/?page_id=57"},"modified":"2022-05-07T12:32:02","modified_gmt":"2022-05-07T12:32:02","slug":"theme-de-mission-de-vie","status":"publish","type":"page","link":"https:\/\/conscienceastrale.fr\/index.php\/theme-de-mission-de-vie\/","title":{"rendered":"Th\u00e8me de Mission de Vie"},"content":{"rendered":"\n<p class=\"has-text-color\" style=\"color:#004db8\">Sur notre carte aux Tr\u00e9sors (cf. Th\u00e8me de naissance) est inscrit de mani\u00e8re approfondie des \u00e9l\u00e9ments concernant les m\u00e9moires karmiques et notre Mission de Vie.<br>Nous partons alors explorer d\u2019autres territoires pour mieux comprendre cette fois-ci ce que notre \u00catre Profond, notre \u00e2me, nous demande\u00a0:<br>&#8211; Royaume de Saturne\u00a0: \u00c9preuve karmique, H\u00e9ritage familial,<br>                                                                                                   &#8211; Royaume de Pluton\u00a0: attachements ant\u00e9rieurs, Transformations,<br>&#8211; Royaume du N\u0153ud Sud\u00a0: Notre mani\u00e8re de fonctionner dans le pass\u00e9,\u00a0 qui peut se retrouver encore aujourd\u2019hui dans notre comportement.<br>&#8211; Royaume du N\u0153ud Nord\u00a0: Vers o\u00f9 la vie me demande d\u2019aller\u00a0? Nouvelle mani\u00e8re d\u2019Etre, qualit\u00e9 \u00e0 acqu\u00e9rir pour avancer,<br>&#8211; Royaume de la Lune Noire : Blessure karmique, manque, recherche d\u2019un id\u00e9al, \u00ab\u00a0dette\u00a0\u00bb karmique.<br>&#8211; Royaume de la part de Fortune\u00a0: Endroit o\u00f9 on se sent naturellement bien, \u00e0 sa place, un \u00e9tat de bien-\u00eatre.<br>&#8211; Royaume de Chiron\u00a0: Gu\u00e9risseur du Zodiaque.<br>Est-ce les \u00e9preuves de nos vies qui nous font \u00e9voluer ou nos instants de Bonheur\u00a0? Toujours cette fameuse question du Bien et du Mal.<\/p>\n\n\n\n<p class=\"has-text-color\" style=\"color:#004db8\">Mettre en Lumi\u00e8re l\u2019Axe d\u2019\u00e9volution nous permet de prendre Conscience de nos sch\u00e9mas, des cycles qui se r\u00e9p\u00e8tent.                                                                                                     Certains que l\u2019on voit facilement et d\u2019autres plus subtils.<br>La carte nous indique des directions et des \u00ab&nbsp;Clefs&nbsp;\u00bb dans chaque royaume pour mieux vivre en harmonie avec nous-m\u00eames, les autres et r\u00e9aliser nos r\u00eaves profonds.<br>Si vous \u00eates int\u00e9ress\u00e9 par ce Voyage, je serai contente de vous y accompagner.<\/p>\n\n\n\n<p><a href=\"https:\/\/conscienceastrale.fr\/index.php\/contact-2\/\">Contactez-moi ici.<\/a><\/p>\n","protected":false},"excerpt":{"rendered":"<p>Sur notre carte aux Tr\u00e9sors (cf. Th\u00e8me de naissance) est inscrit de mani\u00e8re approfondie des \u00e9l\u00e9ments concernant les m\u00e9moires karmiques et notre Mission de Vie.Nous partons alors explorer d\u2019autres territoires pour mieux comprendre cette fois-ci ce que notre \u00catre Profond, notre \u00e2me, nous demande\u00a0:&#8211; Royaume de Saturne\u00a0: \u00c9preuve karmique, H\u00e9ritage familial, &#8211; Royaume de Pluton\u00a0: [&hellip;]<\/p>\n","protected":false},"author":1,"featured_media":0,"parent":0,"menu_order":0,"comment_status":"closed","ping_status":"closed","template":"","meta":{"om_disable_all_campaigns":false,"_mi_skip_tracking":false},"aioseo_notices":[],"_links":{"self":[{"href":"https:\/\/conscienceastrale.fr\/index.php\/wp-json\/wp\/v2\/pages\/101"}],"collection":[{"href":"https:\/\/conscienceastrale.fr\/index.php\/wp-json\/wp\/v2\/pages"}],"about":[{"href":"https:\/\/conscienceastrale.fr\/index.php\/wp-json\/wp\/v2\/types\/page"}],"author":[{"embeddable":true,"href":"https:\/\/conscienceastrale.fr\/index.php\/wp-json\/wp\/v2\/users\/1"}],"replies":[{"embeddable":true,"href":"https:\/\/conscienceastrale.fr\/index.php\/wp-json\/wp\/v2\/comments?post=101"}],"version-history":[{"count":18,"href":"https:\/\/conscienceastrale.fr\/index.php\/wp-json\/wp\/v2\/pages\/101\/revisions"}],"predecessor-version":[{"id":1039,"href":"https:\/\/conscienceastrale.fr\/index.php\/wp-json\/wp\/v2\/pages\/101\/revisions\/1039"}],"wp:attachment":[{"href":"https:\/\/conscienceastrale.fr\/index.php\/wp-json\/wp\/v2\/media?parent=101"}],"curies":[{"name":"wp","href":"https:\/\/api.w.org\/{rel}","templated":true}]}}