{"id":513,"date":"2022-04-03T18:22:34","date_gmt":"2022-04-03T18:22:34","guid":{"rendered":"https:\/\/symphonidesetoiles.wordpress.com\/?page_id=513"},"modified":"2022-05-03T18:11:59","modified_gmt":"2022-05-03T18:11:59","slug":"revolution-solaire","status":"publish","type":"page","link":"https:\/\/conscienceastrale.fr\/index.php\/revolution-solaire\/","title":{"rendered":"R\u00e9volution solaire"},"content":{"rendered":"\n<p>Si notre th\u00e8me de naissance est notre carte aux Tr\u00e9sors pour notre chemin de Vie, notre R\u00e9volution Solaire est notre carte aux Tr\u00e9sors pour une ann\u00e9e.<br>Elle commence le premier jour de notre anniversaire (retour du soleil dans son axe).<br>Elle durera donc 365 jours.<\/p>\n\n\n\n<p>A quoi sert-elle&nbsp;?<br>Elle permet de mettre de la Conscience dans nos questionnements, de d\u00e9finir nos buts, nos besoins, nos d\u00e9fis dans des domaines de vie particuliers.<br>Il ne s\u2019agit pas de pr\u00e9diction mais plut\u00f4t d\u2019une ambiance possible que la vie nous proposera.<\/p>\n\n\n\n<p>Exemple&nbsp;1&nbsp;: Un voyage harmonieux en famille est possible cette ann\u00e9e.<br>Vais-je organiser cet \u00e9v\u00e8nement&nbsp;?<br>Exemple 2&nbsp;: Une p\u00e9riode s\u2019annonce sensible \u00e0 la col\u00e8re.<br>Vais je me mettre en col\u00e8re ou casser de la vaisselle&nbsp;?<\/p>\n\n\n\n<p>La R\u00e9volution Solaire est un chemin de Conscience qui nous m\u00e8ne vers la Libert\u00e9.<br>Tout est une question d\u2019\u00e9quilibre entre cette connaissance, notre attitude et les situations qui vont nous \u00eatre pr\u00e9sent\u00e9es.<br>Cela d\u00e9pendra \u00e9galement de notre chemin parcouru jusqu\u2019\u00e0 maintenant.<\/p>\n\n\n\n<p>Si vous \u00eates int\u00e9ress\u00e9 par ce Voyage, je serai contente de vous y accompagner.<\/p>\n\n\n\n<p><a href=\"https:\/\/conscienceastrale.fr\/index.php\/contact-2\/\" title=\"Contactez-moi ici.\">Contactez-moi ici.<\/a><\/p>\n","protected":false},"excerpt":{"rendered":"<p>Si notre th\u00e8me de naissance est notre carte aux Tr\u00e9sors pour notre chemin de Vie, notre R\u00e9volution Solaire est notre carte aux Tr\u00e9sors pour une ann\u00e9e.Elle commence le premier jour de notre anniversaire (retour du soleil dans son axe).Elle durera donc 365 jours. A quoi sert-elle&nbsp;?Elle permet de mettre de la Conscience dans nos questionnements, [&hellip;]<\/p>\n","protected":false},"author":1,"featured_media":0,"parent":0,"menu_order":0,"comment_status":"closed","ping_status":"closed","template":"","meta":{"om_disable_all_campaigns":false,"_mi_skip_tracking":false},"aioseo_notices":[],"_links":{"self":[{"href":"https:\/\/conscienceastrale.fr\/index.php\/wp-json\/wp\/v2\/pages\/513"}],"collection":[{"href":"https:\/\/conscienceastrale.fr\/index.php\/wp-json\/wp\/v2\/pages"}],"about":[{"href":"https:\/\/conscienceastrale.fr\/index.php\/wp-json\/wp\/v2\/types\/page"}],"author":[{"embeddable":true,"href":"https:\/\/conscienceastrale.fr\/index.php\/wp-json\/wp\/v2\/users\/1"}],"replies":[{"embeddable":true,"href":"https:\/\/conscienceastrale.fr\/index.php\/wp-json\/wp\/v2\/comments?post=513"}],"version-history":[{"count":10,"href":"https:\/\/conscienceastrale.fr\/index.php\/wp-json\/wp\/v2\/pages\/513\/revisions"}],"predecessor-version":[{"id":1023,"href":"https:\/\/conscienceastrale.fr\/index.php\/wp-json\/wp\/v2\/pages\/513\/revisions\/1023"}],"wp:attachment":[{"href":"https:\/\/conscienceastrale.fr\/index.php\/wp-json\/wp\/v2\/media?parent=513"}],"curies":[{"name":"wp","href":"https:\/\/api.w.org\/{rel}","templated":true}]}}