{"id":573,"date":"2022-04-15T13:24:34","date_gmt":"2022-04-15T13:24:34","guid":{"rendered":"https:\/\/conscienceastrale.fr\/?page_id=573"},"modified":"2022-04-27T20:26:54","modified_gmt":"2022-04-27T20:26:54","slug":"theme-pour-les-couples-2","status":"publish","type":"page","link":"https:\/\/conscienceastrale.fr\/index.php\/theme-pour-les-couples-2\/","title":{"rendered":"Th\u00e8me pour les couples ou relationnel"},"content":{"rendered":"\n<p>Quel beau cadeau nous faisons \u00e0 notre couple ou \u00e0 tous types de relation lorsque nous prenons Conscience des besoins de chacun.<br>Voil\u00e0 le but du th\u00e8me relationnel.<\/p>\n\n\n\n<p>Pour cela, \u00a0nous superposons les deux cartes du ciel de chaque personne. <br>Il se dessine alors une 3<sup>\u00e8me<\/sup>carte qui nous permet de d\u00e9couvrir les affinit\u00e9s, les compatibilit\u00e9s et les points de dissonance du duo, selon des domaines bien pr\u00e9cis.<\/p>\n\n\n\n<p>Chaque relation que nous avons est unique car elle n\u2019anime pas les m\u00eames parties de notre th\u00e8me. <br>C\u2019est pour cela que parfois, c\u2019est plus facile avec certaines personnes qu\u2019avec d\u2019autres.<\/p>\n\n\n\n<p>Quoi qu\u2019il en soit, y mettre de la Conscience nous permet de grandir dans nos relations, de mieux nous connaitre et de continuer \u00e0 cheminer vers plus de Conscience.<\/p>\n\n\n\n<p>Si vous \u00eates int\u00e9ress\u00e9 par ce Voyage, je serai contente de vous y accompagner.<\/p>\n\n\n\n<p><a href=\"https:\/\/conscienceastrale.fr\/index.php\/contact-2\/\">Contactez-moi ici.<\/a><\/p>\n","protected":false},"excerpt":{"rendered":"<p>Quel beau cadeau nous faisons \u00e0 notre couple ou \u00e0 tous types de relation lorsque nous prenons Conscience des besoins de chacun.Voil\u00e0 le but du th\u00e8me relationnel. Pour cela, \u00a0nous superposons les deux cartes du ciel de chaque personne. Il se dessine alors une 3\u00e8mecarte qui nous permet de d\u00e9couvrir les affinit\u00e9s, les compatibilit\u00e9s et [&hellip;]<\/p>\n","protected":false},"author":1,"featured_media":0,"parent":0,"menu_order":0,"comment_status":"closed","ping_status":"closed","template":"","meta":{"om_disable_all_campaigns":false,"_mi_skip_tracking":false},"aioseo_notices":[],"_links":{"self":[{"href":"https:\/\/conscienceastrale.fr\/index.php\/wp-json\/wp\/v2\/pages\/573"}],"collection":[{"href":"https:\/\/conscienceastrale.fr\/index.php\/wp-json\/wp\/v2\/pages"}],"about":[{"href":"https:\/\/conscienceastrale.fr\/index.php\/wp-json\/wp\/v2\/types\/page"}],"author":[{"embeddable":true,"href":"https:\/\/conscienceastrale.fr\/index.php\/wp-json\/wp\/v2\/users\/1"}],"replies":[{"embeddable":true,"href":"https:\/\/conscienceastrale.fr\/index.php\/wp-json\/wp\/v2\/comments?post=573"}],"version-history":[{"count":8,"href":"https:\/\/conscienceastrale.fr\/index.php\/wp-json\/wp\/v2\/pages\/573\/revisions"}],"predecessor-version":[{"id":932,"href":"https:\/\/conscienceastrale.fr\/index.php\/wp-json\/wp\/v2\/pages\/573\/revisions\/932"}],"wp:attachment":[{"href":"https:\/\/conscienceastrale.fr\/index.php\/wp-json\/wp\/v2\/media?parent=573"}],"curies":[{"name":"wp","href":"https:\/\/api.w.org\/{rel}","templated":true}]}}