{"id":90,"date":"2022-03-24T18:26:20","date_gmt":"2022-03-24T18:26:20","guid":{"rendered":"https:\/\/symphoniedesetoiles.wordpress.com\/contact\/"},"modified":"2024-06-20T11:52:38","modified_gmt":"2024-06-20T11:52:38","slug":"contact-2","status":"publish","type":"page","link":"https:\/\/conscienceastrale.fr\/index.php\/contact-2\/","title":{"rendered":"Tarifs et contact"},"content":{"rendered":"\n<p class=\"has-text-align-center has-text-color\" style=\"color:#004db8\">Etude du th\u00e8me en consultation par t\u00e9l\u00e9phone ou en visio sur Zoom : 80 euros la s\u00e9ance<\/p>\n\n\n\n<p>Atelier de 2h30 d&rsquo;initiation \u00e0 l&rsquo;astrologie en groupe : 25\u20ac par personne<\/p>\n\n\n\n<p class=\"has-text-align-center\">Pour tous renseignements compl\u00e9mentaires ou pour prendre rdv :<\/p>\n\n\n\n<div class=\"is-layout-flex wp-container-3 wp-block-columns alignwide has-2-columns\" style=\"padding-top:0px\">\n<div class=\"is-layout-flow wp-block-column has-foreground-color has-text-color\" style=\"padding-right:50px\">\n<h2 class=\"has-text-align-left has-text-color\" style=\"color:#9400b8;font-size:28px\">Contactez-moi<\/h2>\n\n\n\n<p class=\"wp-elements-1bca0350101d62091dac564388d153ca has-link-color\"><a href=\"mailto:conscienceastrale@gmail.com\" target=\"_blank\" rel=\"noopener nofollow\" title=\"\">conscienceastrale@gmail.com<\/a><\/p>\n\n\n\n<p class=\"wp-elements-afe50af800fcad1a9203f6496797f9dc has-text-color has-link-color\" style=\"color:#004db8\"><a href=\"tel:0761093771\" target=\"_blank\" rel=\"noreferrer noopener\">07 61 09 37 71<\/a><\/p>\n\n\n\n<div style=\"height:73px\" aria-hidden=\"true\" class=\"wp-block-spacer\"><\/div>\n\n\n\n<h2 class=\"has-text-align-left has-text-color\" style=\"color:#9400b8;margin-top:0px;margin-right:0px;margin-bottom:0px;margin-left:0px;font-size:28px\">Paiement<\/h2>\n\n\n\n<figure class=\"wp-block-image alignright size-large is-resized has-custom-border is-style-rounded\"><img decoding=\"async\" loading=\"lazy\" src=\"https:\/\/conscienceastrale.fr\/wp-content\/uploads\/2022\/05\/sumup-1-1024x512.png\" alt=\"\" class=\"wp-image-1050\" style=\"border-radius:0px\" width=\"113\" height=\"57\" srcset=\"https:\/\/conscienceastrale.fr\/wp-content\/uploads\/2022\/05\/sumup-1-1024x512.png 1024w, https:\/\/conscienceastrale.fr\/wp-content\/uploads\/2022\/05\/sumup-1-300x150.png 300w, https:\/\/conscienceastrale.fr\/wp-content\/uploads\/2022\/05\/sumup-1-768x384.png 768w, https:\/\/conscienceastrale.fr\/wp-content\/uploads\/2022\/05\/sumup-1.png 1200w\" sizes=\"(max-width: 113px) 100vw, 113px\" \/><\/figure>\n\n\n\n<p class=\"wp-elements-4e1417e4c79fe7b08fa59830ec603ea6 has-link-color\">Paiement s\u00e9curis\u00e9 \u00e0 distance avec Sumup  (carte bancaire). <\/p>\n\n\n\n<p class=\"wp-elements-eb9d52b2216a3d02e6aae32c7822b199 has-link-color\">Sur place en ch\u00e8que, esp\u00e8ces ou carte bancaire.<\/p>\n<\/div>\n\n\n\n<div class=\"is-layout-flow wp-block-column\">\n<h2 class=\"wp-elements-1c7c9a54bb7e2fa034e91050d4e24ec2 has-text-align-left has-text-color has-link-color\" style=\"color:#9400b8;font-size:28px\">Envoyez-moi un message<\/h2>\n\n\n<div class=\"wpforms-container wpforms-container-full wpforms-block wpforms-block-b47adea9-e2c8-4690-a458-41006074423b\" id=\"wpforms-718\"><form id=\"wpforms-form-718\" class=\"wpforms-validate wpforms-form wpforms-ajax-form\" data-formid=\"718\" method=\"post\" enctype=\"multipart\/form-data\" action=\"\/index.php\/wp-json\/wp\/v2\/pages\/90\" data-token=\"6871356ba12ff47d2374355ebc9e071c\" data-token-time=\"1775289901\"><noscript class=\"wpforms-error-noscript\">Veuillez activer JavaScript dans votre navigateur pour remplir ce formulaire.<\/noscript><div class=\"wpforms-field-container\"><div id=\"wpforms-718-field_0-container\" class=\"wpforms-field wpforms-field-name\" data-field-id=\"0\"><label class=\"wpforms-field-label\" for=\"wpforms-718-field_0\">Nom, pr\u00e9nom <span class=\"wpforms-required-label\">*<\/span><\/label><input type=\"text\" id=\"wpforms-718-field_0\" class=\"wpforms-field-medium wpforms-field-required\" name=\"wpforms[fields][0]\" required><\/div><div id=\"wpforms-718-field_5-container\" class=\"wpforms-field wpforms-field-name\" data-field-id=\"5\"><label class=\"wpforms-field-label\" for=\"wpforms-718-field_5\">Num\u00e9ro de t\u00e9l\u00e9phone <\/label><input type=\"text\" id=\"wpforms-718-field_5\" class=\"wpforms-field-medium\" name=\"wpforms[fields][5]\" ><\/div><div id=\"wpforms-718-field_1-container\" class=\"wpforms-field wpforms-field-email\" data-field-id=\"1\"><label class=\"wpforms-field-label\" for=\"wpforms-718-field_1\">Email <span class=\"wpforms-required-label\">*<\/span><\/label><input type=\"email\" id=\"wpforms-718-field_1\" class=\"wpforms-field-medium wpforms-field-required\" name=\"wpforms[fields][1]\" spellcheck=\"false\" required><\/div><div id=\"wpforms-718-field_2-container\" class=\"wpforms-field wpforms-field-textarea\" data-field-id=\"2\"><label class=\"wpforms-field-label\" for=\"wpforms-718-field_2\">Message <span class=\"wpforms-required-label\">*<\/span><\/label><textarea id=\"wpforms-718-field_2\" class=\"wpforms-field-medium wpforms-field-required\" name=\"wpforms[fields][2]\" required><\/textarea><\/div><\/div><!-- .wpforms-field-container --><div class=\"wpforms-submit-container\" ><input type=\"hidden\" name=\"wpforms[id]\" value=\"718\"><input type=\"hidden\" name=\"page_title\" value=\"\"><input type=\"hidden\" name=\"page_url\" value=\"https:\/\/conscienceastrale.fr\/index.php\/wp-json\/wp\/v2\/pages\/90\"><input type=\"hidden\" name=\"url_referer\" value=\"\"><button type=\"submit\" name=\"wpforms[submit]\" id=\"wpforms-submit-718\" class=\"wpforms-submit\" data-alt-text=\"En cours d&#039;envoi...\" data-submit-text=\"Envoyer\" aria-live=\"assertive\" value=\"wpforms-submit\">Envoyer<\/button><img decoding=\"async\" loading=\"lazy\" src=\"https:\/\/conscienceastrale.fr\/wp-content\/plugins\/wpforms-lite\/assets\/images\/submit-spin.svg\" class=\"wpforms-submit-spinner\" style=\"display: none;\" width=\"26\" height=\"26\" alt=\"Chargement en cours\"><\/div><\/form><\/div>  <!-- .wpforms-container --><\/div>\n<\/div>\n\n\n\n<p><\/p>\n","protected":false},"excerpt":{"rendered":"<p>Etude du th\u00e8me en consultation par t\u00e9l\u00e9phone ou en visio sur Zoom : 80 euros la s\u00e9ance Atelier de 2h30 d&rsquo;initiation \u00e0 l&rsquo;astrologie en groupe : 25\u20ac par personne Pour tous renseignements compl\u00e9mentaires ou pour prendre rdv : Contactez-moi conscienceastrale@gmail.com 07 61 09 37 71 Paiement Paiement s\u00e9curis\u00e9 \u00e0 distance avec Sumup (carte bancaire). Sur [&hellip;]<\/p>\n","protected":false},"author":1,"featured_media":0,"parent":0,"menu_order":2,"comment_status":"closed","ping_status":"closed","template":"","meta":{"om_disable_all_campaigns":false,"_mi_skip_tracking":false},"aioseo_notices":[],"_links":{"self":[{"href":"https:\/\/conscienceastrale.fr\/index.php\/wp-json\/wp\/v2\/pages\/90"}],"collection":[{"href":"https:\/\/conscienceastrale.fr\/index.php\/wp-json\/wp\/v2\/pages"}],"about":[{"href":"https:\/\/conscienceastrale.fr\/index.php\/wp-json\/wp\/v2\/types\/page"}],"author":[{"embeddable":true,"href":"https:\/\/conscienceastrale.fr\/index.php\/wp-json\/wp\/v2\/users\/1"}],"replies":[{"embeddable":true,"href":"https:\/\/conscienceastrale.fr\/index.php\/wp-json\/wp\/v2\/comments?post=90"}],"version-history":[{"count":58,"href":"https:\/\/conscienceastrale.fr\/index.php\/wp-json\/wp\/v2\/pages\/90\/revisions"}],"predecessor-version":[{"id":1088,"href":"https:\/\/conscienceastrale.fr\/index.php\/wp-json\/wp\/v2\/pages\/90\/revisions\/1088"}],"wp:attachment":[{"href":"https:\/\/conscienceastrale.fr\/index.php\/wp-json\/wp\/v2\/media?parent=90"}],"curies":[{"name":"wp","href":"https:\/\/api.w.org\/{rel}","templated":true}]}}