{"id":93,"date":"2022-03-28T10:31:36","date_gmt":"2022-03-28T10:31:36","guid":{"rendered":"https:\/\/symphoniedesetoiles.wordpress.com\/?page_id=15"},"modified":"2024-06-20T10:08:13","modified_gmt":"2024-06-20T10:08:13","slug":"accueil","status":"publish","type":"page","link":"https:\/\/conscienceastrale.fr\/","title":{"rendered":""},"content":{"rendered":"\n<ul class=\"is-layout-flex wp-block-social-links\"><\/ul>\n\n\n\n<div class=\"wp-block-cover alignfull\" style=\"padding-top:50px;padding-right:50px;padding-bottom:50px;padding-left:50px;min-height:419px\"><span aria-hidden=\"true\" class=\"wp-block-cover__background has-background-dim\"><\/span><img decoding=\"async\" loading=\"lazy\" width=\"1600\" height=\"678\" class=\"wp-block-cover__image-background wp-image-162\" alt=\"\" src=\"https:\/\/conscienceastrale.fr\/wp-content\/uploads\/2022\/03\/5712e-trou-noir-rose-e1648457587592.jpg\" data-object-fit=\"cover\" srcset=\"https:\/\/conscienceastrale.fr\/wp-content\/uploads\/2022\/03\/5712e-trou-noir-rose-e1648457587592.jpg 1600w, https:\/\/conscienceastrale.fr\/wp-content\/uploads\/2022\/03\/5712e-trou-noir-rose-e1648457587592-300x127.jpg 300w, https:\/\/conscienceastrale.fr\/wp-content\/uploads\/2022\/03\/5712e-trou-noir-rose-e1648457587592-1024x434.jpg 1024w, https:\/\/conscienceastrale.fr\/wp-content\/uploads\/2022\/03\/5712e-trou-noir-rose-e1648457587592-768x325.jpg 768w, https:\/\/conscienceastrale.fr\/wp-content\/uploads\/2022\/03\/5712e-trou-noir-rose-e1648457587592-1536x651.jpg 1536w\" sizes=\"(max-width: 1600px) 100vw, 1600px\" \/><div class=\"wp-block-cover__inner-container\">\n<p class=\"has-text-align-center has-background-color has-text-color\" style=\"font-size:34px;line-height:0.9\"> <br><strong><em>Conscience <br>Astrale<\/em><\/strong><\/p>\n<\/div><\/div>\n\n\n\n<div class=\"is-content-justification-center is-layout-flex wp-container-2 wp-block-group alignfull has-normal-font-size has-foreground-color has-background-background-color has-text-color has-background\">\n<p class=\"has-text-align-center Full-Width Page has-text-color has-large-font-size\" style=\"color:#004db8;font-style:italic;font-weight:400\"> L&rsquo;astrologie est une science, un art qui est pratiqu\u00e9 depuis bien longtemps car de grandes civilisations, tels que les \u00c9gyptiens, l\u2019utilisaient d\u00e9j\u00e0.                                                                    <br>Il s&rsquo;agit d&rsquo;un outil psychologique puissant, efficace qui permet de mieux se connaitre dans toute son unicit\u00e9.<br>Un grand sage disait: \u00ab\u00a0Les plan\u00e8tes inclinent&#8230; elles ne d\u00e9terminent pas !\u00a0\u00bb.                            <br>Cela nous ouvre un Chemin de Libert\u00e9 qui nous m\u00e8ne petit \u00e0 petit vers la Conscience de Soi.                   <\/p>\n<\/div>\n\n\n\n<div class=\"is-layout-flow wp-block-group alignwide has-foreground-color has-text-color\">\n<div class=\"is-layout-flex wp-container-9 wp-block-columns alignfull are-vertically-aligned-top\">\n<div class=\"is-layout-flow wp-block-column is-vertically-aligned-top\" style=\"padding-top:20px;padding-right:20px;padding-bottom:20px;padding-left:20px\">\n<div class=\"is-layout-flex wp-block-buttons alignwide\">\n<div class=\"wp-block-button has-custom-width wp-block-button__width-100 has-custom-font-size is-style-fill\" style=\"font-size:20px\"><a class=\"wp-block-button__link has-text-color has-background wp-element-button\" href=\"https:\/\/conscienceastrale.fr\/index.php\/theme-de-naissance\/\/\" style=\"color:#eef4f7;background:radial-gradient(rgb(6,147,227) 37%,rgb(155,81,224) 78%)\"><strong><em>Th\u00e8me de naissance<\/em><\/strong><\/a><\/div>\n<\/div>\n\n\n\n<div style=\"height:30px\" aria-hidden=\"true\" class=\"wp-block-spacer\"><\/div>\n\n\n\n<figure class=\"wp-block-image size-large is-style-rounded\"><a href=\"https:\/\/conscienceastrale.fr\/index.php\/theme-de-naissance\/\"><img decoding=\"async\" loading=\"lazy\" width=\"1279\" height=\"1279\" src=\"https:\/\/conscienceastrale.fr\/wp-content\/uploads\/2022\/03\/feead-galaxy-gb7fbffb6f_1920-edited-1-e1648724138662.jpg?w=750\" alt=\"\" class=\"wp-image-380\" srcset=\"https:\/\/conscienceastrale.fr\/wp-content\/uploads\/2022\/03\/feead-galaxy-gb7fbffb6f_1920-edited-1-e1648724138662.jpg 1279w, https:\/\/conscienceastrale.fr\/wp-content\/uploads\/2022\/03\/feead-galaxy-gb7fbffb6f_1920-edited-1-e1648724138662-300x300.jpg 300w, https:\/\/conscienceastrale.fr\/wp-content\/uploads\/2022\/03\/feead-galaxy-gb7fbffb6f_1920-edited-1-e1648724138662-1024x1024.jpg 1024w, https:\/\/conscienceastrale.fr\/wp-content\/uploads\/2022\/03\/feead-galaxy-gb7fbffb6f_1920-edited-1-e1648724138662-150x150.jpg 150w, https:\/\/conscienceastrale.fr\/wp-content\/uploads\/2022\/03\/feead-galaxy-gb7fbffb6f_1920-edited-1-e1648724138662-768x768.jpg 768w\" sizes=\"(max-width: 1279px) 100vw, 1279px\" \/><\/a><\/figure>\n<\/div>\n\n\n\n<div class=\"is-layout-flow wp-block-column is-vertically-aligned-top\" style=\"padding-top:20px;padding-right:20px;padding-bottom:20px;padding-left:20px\">\n<div class=\"is-layout-flex wp-block-buttons alignwide\">\n<div class=\"wp-block-button has-custom-width wp-block-button__width-100 has-custom-font-size is-style-fill\" style=\"font-size:20px\"><a class=\"wp-block-button__link has-text-color has-background wp-element-button\" href=\"https:\/\/conscienceastrale.fr\/index.php\/theme-de-mission-de-vie\/\" style=\"color:#eef4f7;background:radial-gradient(rgb(6,147,227) 37%,rgb(155,81,224) 78%)\"><em><strong>Mission de Vie<\/strong><\/em><\/a><\/div>\n<\/div>\n\n\n\n<div style=\"height:30px\" aria-hidden=\"true\" class=\"wp-block-spacer\"><\/div>\n\n\n\n<figure class=\"wp-block-image size-full is-style-rounded\"><a href=\"https:\/\/conscienceastrale.fr\/index.php\/theme-de-mission-de-vie\/\"><img decoding=\"async\" loading=\"lazy\" width=\"802\" height=\"802\" src=\"https:\/\/conscienceastrale.fr\/wp-content\/uploads\/2022\/03\/50e66-mandala-gf73199ded_1280-e1648734857901.jpg\" alt=\"\" class=\"wp-image-103\" srcset=\"https:\/\/conscienceastrale.fr\/wp-content\/uploads\/2022\/03\/50e66-mandala-gf73199ded_1280-e1648734857901.jpg 802w, https:\/\/conscienceastrale.fr\/wp-content\/uploads\/2022\/03\/50e66-mandala-gf73199ded_1280-e1648734857901-300x300.jpg 300w, https:\/\/conscienceastrale.fr\/wp-content\/uploads\/2022\/03\/50e66-mandala-gf73199ded_1280-e1648734857901-150x150.jpg 150w, https:\/\/conscienceastrale.fr\/wp-content\/uploads\/2022\/03\/50e66-mandala-gf73199ded_1280-e1648734857901-768x768.jpg 768w\" sizes=\"(max-width: 802px) 100vw, 802px\" \/><\/a><\/figure>\n<\/div>\n\n\n\n<div class=\"is-layout-flow wp-block-column is-vertically-aligned-top\" style=\"padding-top:20px;padding-right:20px;padding-bottom:20px;padding-left:20px\">\n<div class=\"is-layout-flex wp-block-buttons alignwide\">\n<div class=\"wp-block-button has-custom-width wp-block-button__width-100 has-custom-font-size is-style-fill\" style=\"font-size:20px\"><a class=\"wp-block-button__link has-text-color has-background wp-element-button\" href=\"https:\/\/conscienceastrale.fr\/index.php\/theme-de-vie-professionnelle\/\" style=\"color:#eef4f7;background:radial-gradient(rgb(6,147,227) 37%,rgb(155,81,224) 78%)\"><em><strong>Vie professionnelle<\/strong><\/em><\/a><\/div>\n<\/div>\n\n\n\n<div style=\"height:30px\" aria-hidden=\"true\" class=\"wp-block-spacer\"><\/div>\n\n\n\n<figure class=\"wp-block-image size-full is-style-rounded\"><a href=\"https:\/\/conscienceastrale.fr\/index.php\/theme-de-vie-professionnelle\/\"><img decoding=\"async\" loading=\"lazy\" width=\"1279\" height=\"1279\" src=\"https:\/\/conscienceastrale.fr\/wp-content\/uploads\/2022\/03\/coffee-ge2f6fab44_1920-e1648722127683.jpg\" alt=\"\" class=\"wp-image-286\" srcset=\"https:\/\/conscienceastrale.fr\/wp-content\/uploads\/2022\/03\/coffee-ge2f6fab44_1920-e1648722127683.jpg 1279w, https:\/\/conscienceastrale.fr\/wp-content\/uploads\/2022\/03\/coffee-ge2f6fab44_1920-e1648722127683-300x300.jpg 300w, https:\/\/conscienceastrale.fr\/wp-content\/uploads\/2022\/03\/coffee-ge2f6fab44_1920-e1648722127683-1024x1024.jpg 1024w, https:\/\/conscienceastrale.fr\/wp-content\/uploads\/2022\/03\/coffee-ge2f6fab44_1920-e1648722127683-150x150.jpg 150w, https:\/\/conscienceastrale.fr\/wp-content\/uploads\/2022\/03\/coffee-ge2f6fab44_1920-e1648722127683-768x768.jpg 768w\" sizes=\"(max-width: 1279px) 100vw, 1279px\" \/><\/a><\/figure>\n<\/div>\n<\/div>\n\n\n\n<div class=\"is-layout-flex wp-container-16 wp-block-columns alignfull\">\n<div class=\"is-layout-flow wp-block-column\" style=\"padding-top:20px;padding-right:20px;padding-bottom:20px;padding-left:20px\">\n<div class=\"is-layout-flex wp-block-buttons alignwide\">\n<div class=\"wp-block-button has-custom-width wp-block-button__width-100 has-custom-font-size is-style-fill\" style=\"font-size:20px\"><a class=\"wp-block-button__link has-text-color has-background wp-element-button\" href=\"https:\/\/conscienceastrale.fr\/index.php\/theme-pour-les-couples-2\/\" style=\"color:#eef4f7;background:radial-gradient(rgb(6,147,227) 37%,rgb(155,81,224) 78%)\"><em><strong>Th\u00e8me pour les couples<\/strong><\/em><\/a><\/div>\n<\/div>\n\n\n\n<div style=\"height:30px\" aria-hidden=\"true\" class=\"wp-block-spacer\"><\/div>\n\n\n\n<figure class=\"wp-block-image size-large is-style-rounded\"><a href=\"https:\/\/conscienceastrale.fr\/index.php\/theme-pour-les-couples-2\/\"><img decoding=\"async\" loading=\"lazy\" width=\"339\" height=\"339\" src=\"https:\/\/conscienceastrale.fr\/wp-content\/uploads\/2022\/03\/couple-3064048__340-e1648729575380.jpg\" alt=\"\" class=\"wp-image-220\" srcset=\"https:\/\/conscienceastrale.fr\/wp-content\/uploads\/2022\/03\/couple-3064048__340-e1648729575380.jpg 339w, https:\/\/conscienceastrale.fr\/wp-content\/uploads\/2022\/03\/couple-3064048__340-e1648729575380-300x300.jpg 300w, https:\/\/conscienceastrale.fr\/wp-content\/uploads\/2022\/03\/couple-3064048__340-e1648729575380-150x150.jpg 150w\" sizes=\"(max-width: 339px) 100vw, 339px\" \/><\/a><\/figure>\n<\/div>\n\n\n\n<div class=\"is-layout-flow wp-block-column\" style=\"padding-top:20px;padding-right:20px;padding-bottom:20px;padding-left:20px\">\n<div class=\"is-layout-flex wp-block-buttons\">\n<div class=\"wp-block-button has-custom-width wp-block-button__width-100 has-custom-font-size is-style-fill\" style=\"font-size:20px\"><a class=\"wp-block-button__link has-text-color has-background wp-element-button\" href=\"https:\/\/conscienceastrale.fr\/index.php\/theme-pour-les-parents\/\" style=\"color:#eef4f7;background:radial-gradient(rgb(6,147,227) 37%,rgb(155,81,224) 78%)\"><em><strong>Th\u00e8me pour les parents<\/strong><\/em><\/a><\/div>\n<\/div>\n\n\n\n<div style=\"height:30px\" aria-hidden=\"true\" class=\"wp-block-spacer\"><\/div>\n\n\n\n<figure class=\"wp-block-image size-full is-style-rounded\"><a href=\"https:\/\/conscienceastrale.fr\/index.php\/theme-pour-les-parents\/\"><img decoding=\"async\" loading=\"lazy\" width=\"408\" height=\"408\" src=\"https:\/\/conscienceastrale.fr\/wp-content\/uploads\/2022\/03\/75048-rear-view-on-young-family-walking-on-avenue-in-autumn-colors-picture-id1356626974-edited-1.jpg\" alt=\"\" class=\"wp-image-386\" srcset=\"https:\/\/conscienceastrale.fr\/wp-content\/uploads\/2022\/03\/75048-rear-view-on-young-family-walking-on-avenue-in-autumn-colors-picture-id1356626974-edited-1.jpg 408w, https:\/\/conscienceastrale.fr\/wp-content\/uploads\/2022\/03\/75048-rear-view-on-young-family-walking-on-avenue-in-autumn-colors-picture-id1356626974-edited-1-300x300.jpg 300w, https:\/\/conscienceastrale.fr\/wp-content\/uploads\/2022\/03\/75048-rear-view-on-young-family-walking-on-avenue-in-autumn-colors-picture-id1356626974-edited-1-150x150.jpg 150w\" sizes=\"(max-width: 408px) 100vw, 408px\" \/><\/a><\/figure>\n<\/div>\n\n\n\n<div class=\"is-layout-flow wp-block-column\" style=\"padding-top:20px;padding-right:20px;padding-bottom:20px;padding-left:20px\">\n<div class=\"is-layout-flex wp-block-buttons\">\n<div class=\"wp-block-button has-custom-width wp-block-button__width-100 has-custom-font-size is-style-fill\" style=\"font-size:20px\"><a class=\"wp-block-button__link has-text-color has-background wp-element-button\" href=\"https:\/\/conscienceastrale.fr\/index.php\/revolution-solaire\/\" style=\"color:#eef4f7;background:radial-gradient(rgb(6,147,227) 37%,rgb(155,81,224) 78%)\"><em><strong>R\u00e9volution Solaire<\/strong><\/em><\/a><\/div>\n<\/div>\n\n\n\n<div style=\"height:30px\" aria-hidden=\"true\" class=\"wp-block-spacer\"><\/div>\n\n\n\n<figure class=\"wp-block-image size-large is-style-rounded\"><a href=\"https:\/\/conscienceastrale.fr\/index.php\/revolution-solaire\/\"><img decoding=\"async\" loading=\"lazy\" width=\"430\" height=\"430\" src=\"https:\/\/conscienceastrale.fr\/wp-content\/uploads\/2022\/03\/tree-736885__480-e1648722472236.jpg?w=430\" alt=\"\" class=\"wp-image-221\" srcset=\"https:\/\/conscienceastrale.fr\/wp-content\/uploads\/2022\/03\/tree-736885__480-e1648722472236.jpg 430w, https:\/\/conscienceastrale.fr\/wp-content\/uploads\/2022\/03\/tree-736885__480-e1648722472236-300x300.jpg 300w, https:\/\/conscienceastrale.fr\/wp-content\/uploads\/2022\/03\/tree-736885__480-e1648722472236-150x150.jpg 150w\" sizes=\"(max-width: 430px) 100vw, 430px\" \/><\/a><\/figure>\n<\/div>\n<\/div>\n\n\n\n<div class=\"is-layout-flex wp-container-21 wp-block-columns alignfull\">\n<div class=\"is-layout-flow wp-block-column\" style=\"padding-top:20px;padding-right:20px;padding-bottom:20px;padding-left:20px\"><\/div>\n\n\n\n<div class=\"is-layout-flow wp-block-column\" style=\"padding-top:20px;padding-right:20px;padding-bottom:20px;padding-left:20px\">\n<div class=\"is-layout-flex wp-block-buttons\">\n<div class=\"wp-block-button has-custom-width wp-block-button__width-100 has-custom-font-size is-style-fill\" style=\"font-size:20px\"><a class=\"wp-block-button__link has-text-color has-background wp-element-button\" href=\"https:\/\/conscienceastrale.fr\/index.php\/initiation\/\" style=\"color:#eef4f7;background:radial-gradient(rgb(6,147,227) 37%,rgb(155,81,224) 78%)\"><em><strong>Initiation \u00e0 l&rsquo;astrologie<\/strong><\/em><\/a><\/div>\n<\/div>\n\n\n\n<div style=\"height:30px\" aria-hidden=\"true\" class=\"wp-block-spacer\"><\/div>\n\n\n\n<figure class=\"wp-block-image size-large is-style-rounded\"><img decoding=\"async\" loading=\"lazy\" width=\"851\" height=\"851\" src=\"https:\/\/conscienceastrale.fr\/wp-content\/uploads\/2024\/06\/esoteric-652628_1280-1-edited.jpg\" alt=\"\" class=\"wp-image-1072\" srcset=\"https:\/\/conscienceastrale.fr\/wp-content\/uploads\/2024\/06\/esoteric-652628_1280-1-edited.jpg 851w, https:\/\/conscienceastrale.fr\/wp-content\/uploads\/2024\/06\/esoteric-652628_1280-1-edited-300x300.jpg 300w, https:\/\/conscienceastrale.fr\/wp-content\/uploads\/2024\/06\/esoteric-652628_1280-1-edited-150x150.jpg 150w, https:\/\/conscienceastrale.fr\/wp-content\/uploads\/2024\/06\/esoteric-652628_1280-1-edited-768x768.jpg 768w\" sizes=\"(max-width: 851px) 100vw, 851px\" \/><\/figure>\n<\/div>\n\n\n\n<div class=\"is-layout-flow wp-block-column\" style=\"padding-top:20px;padding-right:20px;padding-bottom:20px;padding-left:20px\"><\/div>\n<\/div>\n<\/div>\n","protected":false},"excerpt":{"rendered":"<p>L&rsquo;astrologie est une science, un art qui est pratiqu\u00e9 depuis bien longtemps car de grandes civilisations, tels que les \u00c9gyptiens, l\u2019utilisaient d\u00e9j\u00e0. Il s&rsquo;agit d&rsquo;un outil psychologique puissant, efficace qui permet de mieux se connaitre dans toute son unicit\u00e9.Un grand sage disait: \u00ab\u00a0Les plan\u00e8tes inclinent&#8230; elles ne d\u00e9terminent pas !\u00a0\u00bb. Cela nous ouvre un Chemin [&hellip;]<\/p>\n","protected":false},"author":1,"featured_media":0,"parent":0,"menu_order":1,"comment_status":"closed","ping_status":"closed","template":"wp-custom-template-sans-titre","meta":{"om_disable_all_campaigns":false,"_mi_skip_tracking":false},"aioseo_notices":[],"_links":{"self":[{"href":"https:\/\/conscienceastrale.fr\/index.php\/wp-json\/wp\/v2\/pages\/93"}],"collection":[{"href":"https:\/\/conscienceastrale.fr\/index.php\/wp-json\/wp\/v2\/pages"}],"about":[{"href":"https:\/\/conscienceastrale.fr\/index.php\/wp-json\/wp\/v2\/types\/page"}],"author":[{"embeddable":true,"href":"https:\/\/conscienceastrale.fr\/index.php\/wp-json\/wp\/v2\/users\/1"}],"replies":[{"embeddable":true,"href":"https:\/\/conscienceastrale.fr\/index.php\/wp-json\/wp\/v2\/comments?post=93"}],"version-history":[{"count":34,"href":"https:\/\/conscienceastrale.fr\/index.php\/wp-json\/wp\/v2\/pages\/93\/revisions"}],"predecessor-version":[{"id":1078,"href":"https:\/\/conscienceastrale.fr\/index.php\/wp-json\/wp\/v2\/pages\/93\/revisions\/1078"}],"wp:attachment":[{"href":"https:\/\/conscienceastrale.fr\/index.php\/wp-json\/wp\/v2\/media?parent=93"}],"curies":[{"name":"wp","href":"https:\/\/api.w.org\/{rel}","templated":true}]}}