{"id":96,"date":"2022-03-27T16:50:04","date_gmt":"2022-03-27T16:50:04","guid":{"rendered":"https:\/\/symphoniedesetoiles.wordpress.com\/?page_id=35"},"modified":"2022-05-03T18:33:18","modified_gmt":"2022-05-03T18:33:18","slug":"theme-de-vie-professionnelle","status":"publish","type":"page","link":"https:\/\/conscienceastrale.fr\/index.php\/theme-de-vie-professionnelle\/","title":{"rendered":"Vie professionnelle"},"content":{"rendered":"\n<p>Notre carte aux Tr\u00e9sors (cf: Th\u00e8me de naissance) nous permet de partir \u00e0 la d\u00e9couverte de notre monde int\u00e9rieur mais aussi de notre vocation, de notre Vie Professionnelle et de ce dont le monde a besoin. <\/p>\n\n\n\n<p>On part alors explorer des royaumes, des pistes dont on peut tenir compte pour notre orientation professionnelle :<br>&#8211; Royaume du Soleil&nbsp;: Il repr\u00e9sente l\u2019essence de notre \u00eatre et notre mission de vie.<br>&#8211; Royaume de la Lune&nbsp;: Elle repr\u00e9sente nos talents naturels, inn\u00e9s. Des qualit\u00e9s parties int\u00e9grantes de notre personnalit\u00e9 dont on peut donc utiliser chacune d\u2019entre elle dans notre vie professionnelle. <br>&#8211; Royaume du Milieu du Ciel&nbsp;: Vocation professionnelle. Quel type de m\u00e9tier pourrait nous convenir&nbsp;?<br>&#8211; Royaume de Mars&nbsp;: Il repr\u00e9sente la mani\u00e8re dont nous passons \u00e0 l\u2019action, dont nous travaillons et d\u00e9pensons notre \u00e9nergie.<br>&#8211; Royaume de Jupiter&nbsp;: Il repr\u00e9sente ce que nous pouvons offrir au monde, notre potentiel, une \u00e9nergie que nous lib\u00e9rons assez facilement.<br>&#8211; Royaume du N\u0153ud Nord&nbsp;: O\u00f9 la vie me demande-t-elle d\u2019aller&nbsp;? Nouvelle mani\u00e8re d\u2019Etre, qualit\u00e9 \u00e0 acqu\u00e9rir pour avancer. <\/p>\n\n\n\n<p>Si vous \u00eates int\u00e9ress\u00e9 par ce Voyage, je serai contente de vous y accompagner.<\/p>\n\n\n\n<p><a href=\"https:\/\/conscienceastrale.fr\/index.php\/contact-2\/\">Contactez-moi ici.<\/a><\/p>\n","protected":false},"excerpt":{"rendered":"<p>Notre carte aux Tr\u00e9sors (cf: Th\u00e8me de naissance) nous permet de partir \u00e0 la d\u00e9couverte de notre monde int\u00e9rieur mais aussi de notre vocation, de notre Vie Professionnelle et de ce dont le monde a besoin. On part alors explorer des royaumes, des pistes dont on peut tenir compte pour notre orientation professionnelle :&#8211; Royaume [&hellip;]<\/p>\n","protected":false},"author":1,"featured_media":0,"parent":0,"menu_order":0,"comment_status":"closed","ping_status":"closed","template":"","meta":{"om_disable_all_campaigns":false,"_mi_skip_tracking":false},"aioseo_notices":[],"_links":{"self":[{"href":"https:\/\/conscienceastrale.fr\/index.php\/wp-json\/wp\/v2\/pages\/96"}],"collection":[{"href":"https:\/\/conscienceastrale.fr\/index.php\/wp-json\/wp\/v2\/pages"}],"about":[{"href":"https:\/\/conscienceastrale.fr\/index.php\/wp-json\/wp\/v2\/types\/page"}],"author":[{"embeddable":true,"href":"https:\/\/conscienceastrale.fr\/index.php\/wp-json\/wp\/v2\/users\/1"}],"replies":[{"embeddable":true,"href":"https:\/\/conscienceastrale.fr\/index.php\/wp-json\/wp\/v2\/comments?post=96"}],"version-history":[{"count":10,"href":"https:\/\/conscienceastrale.fr\/index.php\/wp-json\/wp\/v2\/pages\/96\/revisions"}],"predecessor-version":[{"id":1030,"href":"https:\/\/conscienceastrale.fr\/index.php\/wp-json\/wp\/v2\/pages\/96\/revisions\/1030"}],"wp:attachment":[{"href":"https:\/\/conscienceastrale.fr\/index.php\/wp-json\/wp\/v2\/media?parent=96"}],"curies":[{"name":"wp","href":"https:\/\/api.w.org\/{rel}","templated":true}]}}