{"id":99,"date":"2022-03-27T16:49:53","date_gmt":"2022-03-27T16:49:53","guid":{"rendered":"https:\/\/symphoniedesetoiles.wordpress.com\/?page_id=47"},"modified":"2022-05-03T18:25:48","modified_gmt":"2022-05-03T18:25:48","slug":"theme-de-naissance","status":"publish","type":"page","link":"https:\/\/conscienceastrale.fr\/index.php\/theme-de-naissance\/","title":{"rendered":"Th\u00e8me de Naissance"},"content":{"rendered":"\n<p>Le saviez-vous ?<br>A<em> la naissance, chaque personne re\u00e7oit une carte aux tr\u00e9sors sur laquelle s&rsquo;inscrit le Langage\u00a0des Etoiles&#8230;<\/em><br><em>Cette carte est unique, tr\u00e8s pr\u00e9cieuse car elle sert de guide tout au long de notre chemin de Vie.<\/em><br><em>La d\u00e9couvrir nous permet d\u2019acqu\u00e9rir une Connaissance de Soi, d\u2019\u00e9clairer nos territoires d\u2019ombres, de d\u00e9couvrir nos Tr\u00e9sors cach\u00e9s et la Sagesse d\u2019avancer de notre mieux.<\/em><br><em>C\u2019est comme une carte routi\u00e8re qui nous montre diff\u00e9rentes directions que nous pouvons prendre mais qui en aucun cas nous impose une route particuli\u00e8re.<\/em><br><em>Le nom de cette carte est\u00a0: Le Th\u00e8me Astral.<\/em><br><em>Il nous permet de partir \u00e0 la d\u00e9couverte de notre monde int\u00e9rieur.<\/em><\/p>\n\n\n\n<p class=\"has-text-color\" style=\"color:#004db8\"><em>Nous allons alors explorer diff\u00e9rents Royaumes qui vivent en nous, tels que&nbsp;:<\/em><br>&#8211; <em>Soleil&nbsp;: But de notre Vie <\/em><br><em>&#8211; Ascendant&nbsp;: Strat\u00e9gie pour avancer, s\u2019accomplir<\/em><br>&#8211; <em>Lune&nbsp;: Besoins et Talents naturels, inn\u00e9s<\/em><br>&#8211; <em>Mercure&nbsp;: Communication, les Pens\u00e9es<\/em><br>&#8211; <em>V\u00e9nus&nbsp;: L\u2019Amour, Relations Humaines<\/em><br>&#8211; <em>Mars&nbsp;: Action, Motivation<\/em><\/p>\n\n\n\n<p class=\"has-text-color\" style=\"color:#004db8\"><em>Nous d\u00e9couvrons plein d\u2019aspects fascinants et int\u00e9ressants sur notre personnalit\u00e9.<\/em><br><em>Certains que nous connaissons d\u00e9j\u00e0, d\u2019autres qu\u2019on ne soup\u00e7onnait pas ou qu\u2019on n\u2019arrivait pas \u00e0 nommer.<\/em><br><em>Ces Royaumes peuvent \u00eatre en harmonie ou en dysharmonie.<\/em><br><em>Le But \u00e9tant que le Langage des \u00e9toiles nous donne un outil psychologique pour marcher davantage en Pleine Conscience dans notre quotidien.<\/em><br><em>Comment puis-je faire de mon mieux pour am\u00e9liorer, adoucir les situations que la Vie me propose\u00a0?                                                                                                                                              En ayant des clefs, des ressources, on est plus \u00e0 m\u00eame d\u2019y r\u00e9pondre et de mettre en place des solutions pour Vivre en harmonie avec soi-m\u00eame et les autres.<\/em><br><em>Gr\u00e2ce au Langage des Etoiles,\u00a0j&rsquo;ai pu comprendre la part unique de chaque individu.<\/em><br><em>En effet, on a parfois envie de changer les autres mais chacun \u00e0 sa propre carte aux tr\u00e9sors.<\/em><br><em> Je ne peux donc pas changer les autres, je peux juste montrer l\u2019exemple de ce que je souhaite (ex\u00a0: la Paix) en comprenant mieux ma carte aux Tr\u00e9sors.<\/em><br><em>Apprendre \u00e0 mieux se conna\u00eetre, se faire Confiance est un Sacr\u00e9 cadeau que nous nous offrons afin d&rsquo;\u00eatre pleinement \u00e9panouis dans notre vie.\u00a0<\/em><\/p>\n\n\n\n<p class=\"has-text-color\" style=\"color:#004db8\"><em>Si vous \u00eates int\u00e9ress\u00e9 par ce Voyage, je serai contente de vous y accompagner.<\/em><\/p>\n\n\n\n<p class=\"has-text-color\" style=\"color:#004db8\"> <a href=\"https:\/\/conscienceastrale.fr\/index.php\/contact-2\/\" title=\"Contactez_moi ici\">Contactez-moi ici<\/a><\/p>\n","protected":false},"excerpt":{"rendered":"<p>Le saviez-vous ?A la naissance, chaque personne re\u00e7oit une carte aux tr\u00e9sors sur laquelle s&rsquo;inscrit le Langage\u00a0des Etoiles&#8230;Cette carte est unique, tr\u00e8s pr\u00e9cieuse car elle sert de guide tout au long de notre chemin de Vie.La d\u00e9couvrir nous permet d\u2019acqu\u00e9rir une Connaissance de Soi, d\u2019\u00e9clairer nos territoires d\u2019ombres, de d\u00e9couvrir nos Tr\u00e9sors cach\u00e9s et la [&hellip;]<\/p>\n","protected":false},"author":1,"featured_media":0,"parent":0,"menu_order":0,"comment_status":"closed","ping_status":"closed","template":"","meta":{"om_disable_all_campaigns":false,"_mi_skip_tracking":false},"aioseo_notices":[],"_links":{"self":[{"href":"https:\/\/conscienceastrale.fr\/index.php\/wp-json\/wp\/v2\/pages\/99"}],"collection":[{"href":"https:\/\/conscienceastrale.fr\/index.php\/wp-json\/wp\/v2\/pages"}],"about":[{"href":"https:\/\/conscienceastrale.fr\/index.php\/wp-json\/wp\/v2\/types\/page"}],"author":[{"embeddable":true,"href":"https:\/\/conscienceastrale.fr\/index.php\/wp-json\/wp\/v2\/users\/1"}],"replies":[{"embeddable":true,"href":"https:\/\/conscienceastrale.fr\/index.php\/wp-json\/wp\/v2\/comments?post=99"}],"version-history":[{"count":18,"href":"https:\/\/conscienceastrale.fr\/index.php\/wp-json\/wp\/v2\/pages\/99\/revisions"}],"predecessor-version":[{"id":1058,"href":"https:\/\/conscienceastrale.fr\/index.php\/wp-json\/wp\/v2\/pages\/99\/revisions\/1058"}],"wp:attachment":[{"href":"https:\/\/conscienceastrale.fr\/index.php\/wp-json\/wp\/v2\/media?parent=99"}],"curies":[{"name":"wp","href":"https:\/\/api.w.org\/{rel}","templated":true}]}}